{"id":29,"date":"2016-10-21T15:22:33","date_gmt":"2016-10-21T21:22:33","guid":{"rendered":"https:\/\/migration.asb-latam.org\/?page_id=29"},"modified":"2024-06-28T10:28:40","modified_gmt":"2024-06-28T16:28:40","slug":"inicio","status":"publish","type":"page","link":"https:\/\/asb-latam.org\/en\/","title":{"rendered":"Home"},"content":{"rendered":"<p>Fundada en 1888, el Arbeiter-Samariter-Bund (ASB) es una organizaci\u00f3n sin fines de lucro, no gubernamental, apol\u00edtica y aconfesional. ASB es hoy en d\u00eda una de las principales organizaciones de protecci\u00f3n civil y beneficencia de Alemania. ASB en Am\u00e9rica Latina cuenta con una oficina regional ubicada en Managua, Nicaragua, desde la que se apoyan proyectos de desarrollo y ayuda humanitaria en la regi\u00f3n.\u00a0En Am\u00e9rica Latina, ASB inici\u00f3 sus operaciones en 1998 en Nicaragua. En Centroam\u00e9rica, ejecuta programas de desarrollo y ayuda humanitaria de alcance regional en respuesta a los efectos del cambio clim\u00e1tico que ha afectado miles de familias campesinas vulnerables; y programas de gesti\u00f3n integral del riesgo e inclusi\u00f3n de personas con discapacidad a nivel regional, nacional y local en Guatemala, Honduras, El Salvador, Nicaragua, Venezuela y Colombia.<\/p>","protected":false},"excerpt":{"rendered":"<p>Fundada en 1888, el Arbeiter-Samariter-Bund (ASB) es una organizaci\u00f3n sin fines de lucro, no gubernamental, apol\u00edtica y aconfesional. [&hellip;]<\/p>\n","protected":false},"author":1,"featured_media":6895,"parent":0,"menu_order":0,"comment_status":"closed","ping_status":"closed","template":"","meta":{"_acf_changed":false,"footnotes":""},"class_list":["post-29","page","type-page","status-publish","has-post-thumbnail","hentry"],"acf":[],"yoast_head":"<!-- This site is optimized with the Yoast SEO plugin v27.2 - https:\/\/yoast.com\/product\/yoast-seo-wordpress\/ -->\n<title>Inicio - ASB Am\u00e9rica Latina<\/title>\n<meta name=\"description\" content=\"ASB en Am\u00e9rica Latina cuenta con una oficina regional ubicada en Managua, Nicaragua, desde la que se apoyan proyectos de desarrollo y ayuda humanitaria en la regi\u00f3n.\" \/>\n<meta name=\"robots\" content=\"index, follow, max-snippet:-1, max-image-preview:large, max-video-preview:-1\" \/>\n<link rel=\"canonical\" href=\"https:\/\/asb-latam.org\/en\/\" \/>\n<meta property=\"og:locale\" content=\"en_US\" \/>\n<meta property=\"og:type\" content=\"article\" \/>\n<meta property=\"og:title\" content=\"Inicio - ASB Am\u00e9rica Latina\" \/>\n<meta property=\"og:description\" content=\"ASB en Am\u00e9rica Latina cuenta con una oficina regional ubicada en Managua, Nicaragua, desde la que se apoyan proyectos de desarrollo y ayuda humanitaria en la regi\u00f3n.\" \/>\n<meta property=\"og:url\" content=\"https:\/\/asb-latam.org\/en\/\" \/>\n<meta property=\"og:site_name\" content=\"ASB Am\u00e9rica Latina\" \/>\n<meta property=\"article:modified_time\" content=\"2024-06-28T16:28:40+00:00\" \/>\n<meta property=\"og:image\" content=\"https:\/\/asb-latam.org\/wp-content\/uploads\/2024\/06\/ASB-2024-WEB.jpg\" \/>\n\t<meta property=\"og:image:width\" content=\"900\" \/>\n\t<meta property=\"og:image:height\" content=\"477\" \/>\n\t<meta property=\"og:image:type\" content=\"image\/jpeg\" \/>\n<meta name=\"twitter:card\" content=\"summary_large_image\" \/>\n<meta name=\"twitter:label1\" content=\"Est. reading time\" \/>\n\t<meta name=\"twitter:data1\" content=\"1 minute\" \/>\n<script type=\"application\/ld+json\" class=\"yoast-schema-graph\">{\"@context\":\"https:\/\/schema.org\",\"@graph\":[{\"@type\":\"WebPage\",\"@id\":\"https:\/\/asb-latam.org\/\",\"url\":\"https:\/\/asb-latam.org\/\",\"name\":\"Inicio - ASB Am\u00e9rica Latina\",\"isPartOf\":{\"@id\":\"https:\/\/asb-latam.org\/#website\"},\"primaryImageOfPage\":{\"@id\":\"https:\/\/asb-latam.org\/#primaryimage\"},\"image\":{\"@id\":\"https:\/\/asb-latam.org\/#primaryimage\"},\"thumbnailUrl\":\"https:\/\/asb-latam.org\/wp-content\/uploads\/2024\/06\/ASB-2024-WEB.jpg\",\"datePublished\":\"2016-10-21T21:22:33+00:00\",\"dateModified\":\"2024-06-28T16:28:40+00:00\",\"description\":\"ASB en Am\u00e9rica Latina cuenta con una oficina regional ubicada en Managua, Nicaragua, desde la que se apoyan proyectos de desarrollo y ayuda humanitaria en la regi\u00f3n.\",\"breadcrumb\":{\"@id\":\"https:\/\/asb-latam.org\/#breadcrumb\"},\"inLanguage\":\"en-US\",\"potentialAction\":[{\"@type\":\"ReadAction\",\"target\":[\"https:\/\/asb-latam.org\/\"]}]},{\"@type\":\"ImageObject\",\"inLanguage\":\"en-US\",\"@id\":\"https:\/\/asb-latam.org\/#primaryimage\",\"url\":\"https:\/\/asb-latam.org\/wp-content\/uploads\/2024\/06\/ASB-2024-WEB.jpg\",\"contentUrl\":\"https:\/\/asb-latam.org\/wp-content\/uploads\/2024\/06\/ASB-2024-WEB.jpg\",\"width\":900,\"height\":477},{\"@type\":\"BreadcrumbList\",\"@id\":\"https:\/\/asb-latam.org\/#breadcrumb\",\"itemListElement\":[{\"@type\":\"ListItem\",\"position\":1,\"name\":\"Portada\",\"item\":\"https:\/\/asb-latam.org\/\"},{\"@type\":\"ListItem\",\"position\":2,\"name\":\"Inicio\"}]},{\"@type\":\"WebSite\",\"@id\":\"https:\/\/asb-latam.org\/#website\",\"url\":\"https:\/\/asb-latam.org\/\",\"name\":\"ASB Am\u00e9rica Latina\",\"description\":\"Ayudamos aqu\u00ed y ahora\",\"potentialAction\":[{\"@type\":\"SearchAction\",\"target\":{\"@type\":\"EntryPoint\",\"urlTemplate\":\"https:\/\/asb-latam.org\/?s={search_term_string}\"},\"query-input\":{\"@type\":\"PropertyValueSpecification\",\"valueRequired\":true,\"valueName\":\"search_term_string\"}}],\"inLanguage\":\"en-US\"}]}<\/script>\n<!-- \/ Yoast SEO plugin. -->","yoast_head_json":{"title":"Inicio - ASB Am\u00e9rica Latina","description":"ASB en Am\u00e9rica Latina cuenta con una oficina regional ubicada en Managua, Nicaragua, desde la que se apoyan proyectos de desarrollo y ayuda humanitaria en la regi\u00f3n.","robots":{"index":"index","follow":"follow","max-snippet":"max-snippet:-1","max-image-preview":"max-image-preview:large","max-video-preview":"max-video-preview:-1"},"canonical":"https:\/\/asb-latam.org\/en\/","og_locale":"en_US","og_type":"article","og_title":"Inicio - ASB Am\u00e9rica Latina","og_description":"ASB en Am\u00e9rica Latina cuenta con una oficina regional ubicada en Managua, Nicaragua, desde la que se apoyan proyectos de desarrollo y ayuda humanitaria en la regi\u00f3n.","og_url":"https:\/\/asb-latam.org\/en\/","og_site_name":"ASB Am\u00e9rica Latina","article_modified_time":"2024-06-28T16:28:40+00:00","og_image":[{"width":900,"height":477,"url":"https:\/\/asb-latam.org\/wp-content\/uploads\/2024\/06\/ASB-2024-WEB.jpg","type":"image\/jpeg"}],"twitter_card":"summary_large_image","twitter_misc":{"Est. reading time":"1 minute"},"schema":{"@context":"https:\/\/schema.org","@graph":[{"@type":"WebPage","@id":"https:\/\/asb-latam.org\/","url":"https:\/\/asb-latam.org\/","name":"Inicio - ASB Am\u00e9rica Latina","isPartOf":{"@id":"https:\/\/asb-latam.org\/#website"},"primaryImageOfPage":{"@id":"https:\/\/asb-latam.org\/#primaryimage"},"image":{"@id":"https:\/\/asb-latam.org\/#primaryimage"},"thumbnailUrl":"https:\/\/asb-latam.org\/wp-content\/uploads\/2024\/06\/ASB-2024-WEB.jpg","datePublished":"2016-10-21T21:22:33+00:00","dateModified":"2024-06-28T16:28:40+00:00","description":"ASB en Am\u00e9rica Latina cuenta con una oficina regional ubicada en Managua, Nicaragua, desde la que se apoyan proyectos de desarrollo y ayuda humanitaria en la regi\u00f3n.","breadcrumb":{"@id":"https:\/\/asb-latam.org\/#breadcrumb"},"inLanguage":"en-US","potentialAction":[{"@type":"ReadAction","target":["https:\/\/asb-latam.org\/"]}]},{"@type":"ImageObject","inLanguage":"en-US","@id":"https:\/\/asb-latam.org\/#primaryimage","url":"https:\/\/asb-latam.org\/wp-content\/uploads\/2024\/06\/ASB-2024-WEB.jpg","contentUrl":"https:\/\/asb-latam.org\/wp-content\/uploads\/2024\/06\/ASB-2024-WEB.jpg","width":900,"height":477},{"@type":"BreadcrumbList","@id":"https:\/\/asb-latam.org\/#breadcrumb","itemListElement":[{"@type":"ListItem","position":1,"name":"Portada","item":"https:\/\/asb-latam.org\/"},{"@type":"ListItem","position":2,"name":"Inicio"}]},{"@type":"WebSite","@id":"https:\/\/asb-latam.org\/#website","url":"https:\/\/asb-latam.org\/","name":"ASB Am\u00e9rica Latina","description":"Ayudamos aqu\u00ed y ahora","potentialAction":[{"@type":"SearchAction","target":{"@type":"EntryPoint","urlTemplate":"https:\/\/asb-latam.org\/?s={search_term_string}"},"query-input":{"@type":"PropertyValueSpecification","valueRequired":true,"valueName":"search_term_string"}}],"inLanguage":"en-US"}]}},"_links":{"self":[{"href":"https:\/\/asb-latam.org\/en\/wp-json\/wp\/v2\/pages\/29","targetHints":{"allow":["GET"]}}],"collection":[{"href":"https:\/\/asb-latam.org\/en\/wp-json\/wp\/v2\/pages"}],"about":[{"href":"https:\/\/asb-latam.org\/en\/wp-json\/wp\/v2\/types\/page"}],"author":[{"embeddable":true,"href":"https:\/\/asb-latam.org\/en\/wp-json\/wp\/v2\/users\/1"}],"replies":[{"embeddable":true,"href":"https:\/\/asb-latam.org\/en\/wp-json\/wp\/v2\/comments?post=29"}],"version-history":[{"count":5,"href":"https:\/\/asb-latam.org\/en\/wp-json\/wp\/v2\/pages\/29\/revisions"}],"predecessor-version":[{"id":6931,"href":"https:\/\/asb-latam.org\/en\/wp-json\/wp\/v2\/pages\/29\/revisions\/6931"}],"wp:featuredmedia":[{"embeddable":true,"href":"https:\/\/asb-latam.org\/en\/wp-json\/wp\/v2\/media\/6895"}],"wp:attachment":[{"href":"https:\/\/asb-latam.org\/en\/wp-json\/wp\/v2\/media?parent=29"}],"curies":[{"name":"wp","href":"https:\/\/api.w.org\/{rel}","templated":true}]}}