{"id":36,"date":"2016-10-21T15:25:27","date_gmt":"2016-10-21T21:25:27","guid":{"rendered":"https:\/\/migration.asb-latam.org\/?page_id=36"},"modified":"2026-03-23T11:56:42","modified_gmt":"2026-03-23T17:56:42","slug":"sobre-nosotros","status":"publish","type":"page","link":"https:\/\/asb-latam.org\/en\/sobre-nosotros\/","title":{"rendered":"Sobre Nosotros"},"content":{"rendered":"<h3>Who we are<\/h3>\n<p><a href=\"https:\/\/www.asb.de\/en\">Arbeiter-Samariter-Bund (ASB)<\/a> o <strong>Federaci\u00f3n de Trabajadores Samaritanos<\/strong>, por su nombre en espa\u00f1ol, es una organizaci\u00f3n de ayuda y bienestar activa en toda Alemania, con presencia en 30 pa\u00edses de cuatro continentes con programas humanitarios y de cooperaci\u00f3n al desarrollo.<\/p>\n<p>ASB se origin\u00f3 en Berl\u00edn en1888, a partir de iniciativas de trabajadores y artesanos para entrenarse en el campo del rescate de emergencia y la formaci\u00f3n en primeros auxilios para atender los accidentes en las f\u00e1bricas que nac\u00edan en aquel entonces.\u00a0ASB es independiente desde el punto de vista pol\u00edtico y confesional.\u00a0Ayudamos de forma r\u00e1pida y directa a todos los que necesitan nuestra ayuda.<\/p>\n<p>M\u00e1s de 1,5 millones de personas apoyan a ASB con su afiliaci\u00f3n. La organizaci\u00f3n est\u00e1 formada por 16 asociaciones estatales, 205 asociaciones regionales, de distrito y municipales y 125 sociedades de responsabilidad limitada (GmbH). ASB emplea a unos 50.000 trabajadores a tiempo completo y a m\u00e1s de 20.000 voluntarios en todo el pa\u00eds.<\/p>\n<p>Junto con sus organizaciones asociadas, ASB presta una amplia gama de ayuda. Desde la ayuda de emergencia tras cat\u00e1strofes originadas por fen\u00f3menos meteorol\u00f3gicos, epidemias u otras crisis humanitarias, pasando por la reconstrucci\u00f3n y la preparaci\u00f3n ante desastres, hasta la ayuda a las personas para que se ayuden a s\u00ed mismas.<\/p>\n<p>El objetivo es siempre reducir las c<a href=\"https:\/\/asb-latam.org\/wp-content\/uploads\/2024\/06\/IMG_0393-WEB.jpg\"><img loading=\"lazy\" decoding=\"async\" class=\"wp-image-6896 alignleft\" src=\"https:\/\/asb-latam.org\/wp-content\/uploads\/2024\/06\/IMG_0393-WEB.jpg\" alt=\"\" width=\"669\" height=\"367\" \/><\/a>ausas de la pobreza y ayudar a las personas a desarrollarse por s\u00ed mismas, para garantizar su bienestar y unas condiciones de vida dignas.<\/p>\n<p>En Am\u00e9rica Latina, ASB inici\u00f3 sus operaciones en 1998 en Nicaragua, para prestar asistencia humanitaria en respuesta al hurac\u00e1n Mitch. Desde aquel entonces, ASB ha implementado un gran n\u00famero de proyectos de emergencia, de recuperaci\u00f3n y rehabilitaci\u00f3n, de seguridad alimentaria y adaptaci\u00f3n al cambio clim\u00e1tico, desarrollo y lucha contra la pobreza y de gesti\u00f3n inclusiva de riesgos ante desastres, as\u00ed tambi\u00e9n programas para combatir las causas estructurales de la migraci\u00f3n.<\/p>\n<p>ASB cuenta con una oficina regional en Managua, Nicaragua y ejecuta en Centroam\u00e9rica,\u00a0 programas de desarrollo y ayuda humanitaria de alcance regional en respuesta a los efectos del cambio clim\u00e1tico. Tambi\u00e9n implementan programas de gesti\u00f3n integral del riesgo e inclusi\u00f3n de personas con discapacidad a nivel regional, nacional y local en Guatemala, Honduras, El Salvador, Nicaragua, Venezuela y Colombia.<\/p>\n<p>&nbsp;<\/p>\n<h3>Our FAST team<\/h3>\n<p><img loading=\"lazy\" decoding=\"async\" class=\"wp-image-4135 alignleft\" src=\"https:\/\/asb-latam.org\/wp-content\/uploads\/2020\/01\/170118-asb-haiti-fast-trinkwasserfilter-aufbau-turm.jpg\" alt=\"\" width=\"326\" height=\"217\" srcset=\"https:\/\/asb-latam.org\/wp-content\/uploads\/2020\/01\/170118-asb-haiti-fast-trinkwasserfilter-aufbau-turm.jpg 2362w, https:\/\/asb-latam.org\/wp-content\/uploads\/2020\/01\/170118-asb-haiti-fast-trinkwasserfilter-aufbau-turm-300x200.jpg 300w, https:\/\/asb-latam.org\/wp-content\/uploads\/2020\/01\/170118-asb-haiti-fast-trinkwasserfilter-aufbau-turm-768x512.jpg 768w, https:\/\/asb-latam.org\/wp-content\/uploads\/2020\/01\/170118-asb-haiti-fast-trinkwasserfilter-aufbau-turm-1024x683.jpg 1024w, https:\/\/asb-latam.org\/wp-content\/uploads\/2020\/01\/170118-asb-haiti-fast-trinkwasserfilter-aufbau-turm-600x400.jpg 600w, https:\/\/asb-latam.org\/wp-content\/uploads\/2020\/01\/170118-asb-haiti-fast-trinkwasserfilter-aufbau-turm-303x202.jpg 303w\" sizes=\"auto, (max-width: 326px) 100vw, 326px\" \/><\/p>\n<p>ASB cuenta en Alemania con un equipo de respuesta r\u00e1pida para situaciones de emergencia, denominado FAST (First Assistance Samariter Team) el cual se compone de profesionales sanitarios, m\u00e9dicos y otros especialistas en agua y saneamiento.<\/p>\n<p>Una vez ocurrido un desastre de proporciones mayores, si es requerido, el equipo FAST se despliega de inmediato con tal de brindar atenci\u00f3n primaria en salud y garantizar el acceso a agua potable. Para poder brindar este servicio, ASB cuenta con 120 profesionales de la salud entrenados para actuar en emergencias y con los equipos y suministros necesarios, como son tiendas de campa\u00f1a, camillas, insumos m\u00e9dicos, potabilizadoras de agua, etc.<\/p>","protected":false},"excerpt":{"rendered":"<p>\u00bfQui\u00e9nes somos? Arbeiter-Samariter-Bund (ASB) o Federaci\u00f3n de Trabajadores Samaritanos, por su nombre en espa\u00f1ol, es una organizaci\u00f3n de [&hellip;]<\/p>\n","protected":false},"author":1,"featured_media":7489,"parent":0,"menu_order":0,"comment_status":"closed","ping_status":"closed","template":"template-about.php","meta":{"_acf_changed":false,"footnotes":""},"class_list":["post-36","page","type-page","status-publish","has-post-thumbnail","hentry"],"acf":[],"yoast_head":"<!-- This site is optimized with the Yoast SEO plugin v27.2 - https:\/\/yoast.com\/product\/yoast-seo-wordpress\/ -->\n<title>Sobre Nosotros - ASB Am\u00e9rica Latina<\/title>\n<meta name=\"description\" content=\"ASB cuenta con una oficina regional en Nicaragua y ejecuta en Centroam\u00e9rica programas de desarrollo y ayuda humanitaria de alcance regional en respuesta a los efectos del cambio clim\u00e1tico. Tambi\u00e9n implementan programas de gesti\u00f3n integral del riesgo e inclusi\u00f3n de personas con discapacidad a nivel regional, nacional y local en Guatemala, Honduras, El Salvador, Nicaragua, Venezuela y Colombia.\" \/>\n<meta name=\"robots\" content=\"index, follow, max-snippet:-1, max-image-preview:large, max-video-preview:-1\" \/>\n<link rel=\"canonical\" href=\"https:\/\/asb-latam.org\/en\/sobre-nosotros\/\" \/>\n<meta property=\"og:locale\" content=\"en_US\" \/>\n<meta property=\"og:type\" content=\"article\" \/>\n<meta property=\"og:title\" content=\"Sobre Nosotros - ASB Am\u00e9rica Latina\" \/>\n<meta property=\"og:description\" content=\"ASB cuenta con una oficina regional en Nicaragua y ejecuta en Centroam\u00e9rica programas de desarrollo y ayuda humanitaria de alcance regional en respuesta a los efectos del cambio clim\u00e1tico. Tambi\u00e9n implementan programas de gesti\u00f3n integral del riesgo e inclusi\u00f3n de personas con discapacidad a nivel regional, nacional y local en Guatemala, Honduras, El Salvador, Nicaragua, Venezuela y Colombia.\" \/>\n<meta property=\"og:url\" content=\"https:\/\/asb-latam.org\/en\/sobre-nosotros\/\" \/>\n<meta property=\"og:site_name\" content=\"ASB Am\u00e9rica Latina\" \/>\n<meta property=\"article:modified_time\" content=\"2026-03-23T17:56:42+00:00\" \/>\n<meta property=\"og:image\" content=\"https:\/\/asb-latam.org\/wp-content\/uploads\/2025\/12\/IMG_6253.jpg\" \/>\n\t<meta property=\"og:image:width\" content=\"1050\" \/>\n\t<meta property=\"og:image:height\" content=\"589\" \/>\n\t<meta property=\"og:image:type\" content=\"image\/jpeg\" \/>\n<meta name=\"twitter:card\" content=\"summary_large_image\" \/>\n<meta name=\"twitter:label1\" content=\"Est. reading time\" \/>\n\t<meta name=\"twitter:data1\" content=\"3 minutes\" \/>\n<script type=\"application\/ld+json\" class=\"yoast-schema-graph\">{\"@context\":\"https:\/\/schema.org\",\"@graph\":[{\"@type\":\"WebPage\",\"@id\":\"https:\/\/asb-latam.org\/sobre-nosotros\/\",\"url\":\"https:\/\/asb-latam.org\/sobre-nosotros\/\",\"name\":\"Sobre Nosotros - ASB Am\u00e9rica Latina\",\"isPartOf\":{\"@id\":\"https:\/\/asb-latam.org\/#website\"},\"primaryImageOfPage\":{\"@id\":\"https:\/\/asb-latam.org\/sobre-nosotros\/#primaryimage\"},\"image\":{\"@id\":\"https:\/\/asb-latam.org\/sobre-nosotros\/#primaryimage\"},\"thumbnailUrl\":\"https:\/\/asb-latam.org\/wp-content\/uploads\/2025\/12\/IMG_6253.jpg\",\"datePublished\":\"2016-10-21T21:25:27+00:00\",\"dateModified\":\"2026-03-23T17:56:42+00:00\",\"description\":\"ASB cuenta con una oficina regional en Nicaragua y ejecuta en Centroam\u00e9rica programas de desarrollo y ayuda humanitaria de alcance regional en respuesta a los efectos del cambio clim\u00e1tico. Tambi\u00e9n implementan programas de gesti\u00f3n integral del riesgo e inclusi\u00f3n de personas con discapacidad a nivel regional, nacional y local en Guatemala, Honduras, El Salvador, Nicaragua, Venezuela y Colombia.\",\"breadcrumb\":{\"@id\":\"https:\/\/asb-latam.org\/sobre-nosotros\/#breadcrumb\"},\"inLanguage\":\"en-US\",\"potentialAction\":[{\"@type\":\"ReadAction\",\"target\":[\"https:\/\/asb-latam.org\/sobre-nosotros\/\"]}]},{\"@type\":\"ImageObject\",\"inLanguage\":\"en-US\",\"@id\":\"https:\/\/asb-latam.org\/sobre-nosotros\/#primaryimage\",\"url\":\"https:\/\/asb-latam.org\/wp-content\/uploads\/2025\/12\/IMG_6253.jpg\",\"contentUrl\":\"https:\/\/asb-latam.org\/wp-content\/uploads\/2025\/12\/IMG_6253.jpg\",\"width\":1050,\"height\":589},{\"@type\":\"BreadcrumbList\",\"@id\":\"https:\/\/asb-latam.org\/sobre-nosotros\/#breadcrumb\",\"itemListElement\":[{\"@type\":\"ListItem\",\"position\":1,\"name\":\"Portada\",\"item\":\"https:\/\/asb-latam.org\/\"},{\"@type\":\"ListItem\",\"position\":2,\"name\":\"Sobre Nosotros\"}]},{\"@type\":\"WebSite\",\"@id\":\"https:\/\/asb-latam.org\/#website\",\"url\":\"https:\/\/asb-latam.org\/\",\"name\":\"ASB Am\u00e9rica Latina\",\"description\":\"Ayudamos aqu\u00ed y ahora\",\"potentialAction\":[{\"@type\":\"SearchAction\",\"target\":{\"@type\":\"EntryPoint\",\"urlTemplate\":\"https:\/\/asb-latam.org\/?s={search_term_string}\"},\"query-input\":{\"@type\":\"PropertyValueSpecification\",\"valueRequired\":true,\"valueName\":\"search_term_string\"}}],\"inLanguage\":\"en-US\"}]}<\/script>\n<!-- \/ Yoast SEO plugin. -->","yoast_head_json":{"title":"Sobre Nosotros - ASB Am\u00e9rica Latina","description":"ASB cuenta con una oficina regional en Nicaragua y ejecuta en Centroam\u00e9rica programas de desarrollo y ayuda humanitaria de alcance regional en respuesta a los efectos del cambio clim\u00e1tico. Tambi\u00e9n implementan programas de gesti\u00f3n integral del riesgo e inclusi\u00f3n de personas con discapacidad a nivel regional, nacional y local en Guatemala, Honduras, El Salvador, Nicaragua, Venezuela y Colombia.","robots":{"index":"index","follow":"follow","max-snippet":"max-snippet:-1","max-image-preview":"max-image-preview:large","max-video-preview":"max-video-preview:-1"},"canonical":"https:\/\/asb-latam.org\/en\/sobre-nosotros\/","og_locale":"en_US","og_type":"article","og_title":"Sobre Nosotros - ASB Am\u00e9rica Latina","og_description":"ASB cuenta con una oficina regional en Nicaragua y ejecuta en Centroam\u00e9rica programas de desarrollo y ayuda humanitaria de alcance regional en respuesta a los efectos del cambio clim\u00e1tico. Tambi\u00e9n implementan programas de gesti\u00f3n integral del riesgo e inclusi\u00f3n de personas con discapacidad a nivel regional, nacional y local en Guatemala, Honduras, El Salvador, Nicaragua, Venezuela y Colombia.","og_url":"https:\/\/asb-latam.org\/en\/sobre-nosotros\/","og_site_name":"ASB Am\u00e9rica Latina","article_modified_time":"2026-03-23T17:56:42+00:00","og_image":[{"width":1050,"height":589,"url":"https:\/\/asb-latam.org\/wp-content\/uploads\/2025\/12\/IMG_6253.jpg","type":"image\/jpeg"}],"twitter_card":"summary_large_image","twitter_misc":{"Est. reading time":"3 minutes"},"schema":{"@context":"https:\/\/schema.org","@graph":[{"@type":"WebPage","@id":"https:\/\/asb-latam.org\/sobre-nosotros\/","url":"https:\/\/asb-latam.org\/sobre-nosotros\/","name":"Sobre Nosotros - ASB Am\u00e9rica Latina","isPartOf":{"@id":"https:\/\/asb-latam.org\/#website"},"primaryImageOfPage":{"@id":"https:\/\/asb-latam.org\/sobre-nosotros\/#primaryimage"},"image":{"@id":"https:\/\/asb-latam.org\/sobre-nosotros\/#primaryimage"},"thumbnailUrl":"https:\/\/asb-latam.org\/wp-content\/uploads\/2025\/12\/IMG_6253.jpg","datePublished":"2016-10-21T21:25:27+00:00","dateModified":"2026-03-23T17:56:42+00:00","description":"ASB cuenta con una oficina regional en Nicaragua y ejecuta en Centroam\u00e9rica programas de desarrollo y ayuda humanitaria de alcance regional en respuesta a los efectos del cambio clim\u00e1tico. Tambi\u00e9n implementan programas de gesti\u00f3n integral del riesgo e inclusi\u00f3n de personas con discapacidad a nivel regional, nacional y local en Guatemala, Honduras, El Salvador, Nicaragua, Venezuela y Colombia.","breadcrumb":{"@id":"https:\/\/asb-latam.org\/sobre-nosotros\/#breadcrumb"},"inLanguage":"en-US","potentialAction":[{"@type":"ReadAction","target":["https:\/\/asb-latam.org\/sobre-nosotros\/"]}]},{"@type":"ImageObject","inLanguage":"en-US","@id":"https:\/\/asb-latam.org\/sobre-nosotros\/#primaryimage","url":"https:\/\/asb-latam.org\/wp-content\/uploads\/2025\/12\/IMG_6253.jpg","contentUrl":"https:\/\/asb-latam.org\/wp-content\/uploads\/2025\/12\/IMG_6253.jpg","width":1050,"height":589},{"@type":"BreadcrumbList","@id":"https:\/\/asb-latam.org\/sobre-nosotros\/#breadcrumb","itemListElement":[{"@type":"ListItem","position":1,"name":"Portada","item":"https:\/\/asb-latam.org\/"},{"@type":"ListItem","position":2,"name":"Sobre Nosotros"}]},{"@type":"WebSite","@id":"https:\/\/asb-latam.org\/#website","url":"https:\/\/asb-latam.org\/","name":"ASB Am\u00e9rica Latina","description":"Ayudamos aqu\u00ed y ahora","potentialAction":[{"@type":"SearchAction","target":{"@type":"EntryPoint","urlTemplate":"https:\/\/asb-latam.org\/?s={search_term_string}"},"query-input":{"@type":"PropertyValueSpecification","valueRequired":true,"valueName":"search_term_string"}}],"inLanguage":"en-US"}]}},"_links":{"self":[{"href":"https:\/\/asb-latam.org\/en\/wp-json\/wp\/v2\/pages\/36","targetHints":{"allow":["GET"]}}],"collection":[{"href":"https:\/\/asb-latam.org\/en\/wp-json\/wp\/v2\/pages"}],"about":[{"href":"https:\/\/asb-latam.org\/en\/wp-json\/wp\/v2\/types\/page"}],"author":[{"embeddable":true,"href":"https:\/\/asb-latam.org\/en\/wp-json\/wp\/v2\/users\/1"}],"replies":[{"embeddable":true,"href":"https:\/\/asb-latam.org\/en\/wp-json\/wp\/v2\/comments?post=36"}],"version-history":[{"count":47,"href":"https:\/\/asb-latam.org\/en\/wp-json\/wp\/v2\/pages\/36\/revisions"}],"predecessor-version":[{"id":7526,"href":"https:\/\/asb-latam.org\/en\/wp-json\/wp\/v2\/pages\/36\/revisions\/7526"}],"wp:featuredmedia":[{"embeddable":true,"href":"https:\/\/asb-latam.org\/en\/wp-json\/wp\/v2\/media\/7489"}],"wp:attachment":[{"href":"https:\/\/asb-latam.org\/en\/wp-json\/wp\/v2\/media?parent=36"}],"curies":[{"name":"wp","href":"https:\/\/api.w.org\/{rel}","templated":true}]}}