{"id":542,"date":"2017-01-27T07:14:23","date_gmt":"2017-01-27T13:14:23","guid":{"rendered":"https:\/\/migration.asb-latam.org\/?page_id=542"},"modified":"2024-06-25T16:55:22","modified_gmt":"2024-06-25T22:55:22","slug":"nuestra-estrategia","status":"publish","type":"page","link":"https:\/\/asb-latam.org\/en\/nuestra-estrategia\/","title":{"rendered":"Our strategy"},"content":{"rendered":"<h3>Work fields<\/h3>\n<p><img loading=\"lazy\" decoding=\"async\" class=\"wp-image-4218 alignleft\" src=\"https:\/\/asb-latam.org\/wp-content\/uploads\/2020\/02\/20191102asb12-300x169.jpg\" alt=\"\" width=\"335\" height=\"191\" \/><\/p>\n<ol>\n<li><strong>Asistencia inmediata y de emergencia<\/strong> en el \u00e1mbito de la seguridad alimentaria, nutrici\u00f3n, albergue, acceso a agua potable y capacitaci\u00f3n en higiene para las personas vulnerables que se encuentran afectadas por un desastre.<\/li>\n<li><strong>Preparaci\u00f3n y reducci\u00f3n<\/strong> del riesgo de desastres.<\/li>\n<li><strong>Inclusi\u00f3n de personas con discapacidad<\/strong> en la gesti\u00f3n de riesgo ante desastres.<\/li>\n<li><strong>Ayuda a la transici\u00f3n<\/strong> despu\u00e9s de la emergencia y desarrollo de condiciones de vida dignas.<\/li>\n<li><strong>Seguridad alimentaria y adaptaci\u00f3n al cambio clim\u00e1tico<\/strong> mediante medidas de resiliencia y buenas pr\u00e1cticas agr\u00edcolas<\/li>\n<\/ol>\n<h3><\/h3>\n<h3>Resultados<\/h3>\n<ol>\n<li>Distribuci\u00f3n de bienes humanitarios en caso de necesidad.<\/li>\n<li>Fortalecimiento de las instituciones del Estado a nivel local, regional, nacional y centroamericano y de las organizaciones sociales.<\/li>\n<li>Concientizaci\u00f3n\/ sensibilizaci\u00f3n a trav\u00e9s de las relaciones p\u00fablicas y la evidencia de las buenas pr\u00e1cticas.<\/li>\n<li>Aplicaci\u00f3n de buenas pr\u00e1cticas a bajo costo, por medio de proyectos que puedan ser modelos replicables.<\/li>\n<li>Mejora de las condiciones de vida de la poblaci\u00f3n<\/li>\n<\/ol>\n<h3>Metodolog\u00eda<\/h3>\n<p><a href=\"https:\/\/asb-latam.org\/wp-content\/uploads\/2024\/06\/IMG_0244-WEB.jpg\"><img loading=\"lazy\" decoding=\"async\" class=\"wp-image-6904 alignleft\" src=\"https:\/\/asb-latam.org\/wp-content\/uploads\/2024\/06\/IMG_0244-WEB.jpg\" alt=\"\" width=\"354\" height=\"222\" \/><\/a><\/p>\n<p>La implementaci\u00f3n de los proyectos en el territorio se realiza a trav\u00e9s de organizaciones locales asociadas o tambi\u00e9n, en algunos casos, directamente a partir de las estructuras de ASB.\u00a0En la realizaci\u00f3n participan activamente las alcald\u00edas y las instituciones p\u00fablicas implicadas en los resultados, como los ministerios de salud, educaci\u00f3n, medio ambiente y de agricultura, a varios niveles.<\/p>\n<p>Nuestros proyectos no construyen nuevas estructuras, sino que trabajan por medio de estructuras abiertas y existentes, como los comit\u00e9s locales o municipales, adem\u00e1s de las organizaciones asociadas implementadores de los proyectos, cuyas capacidades se ven fortalecidas.<\/p>\n<p>Por lo tanto, luego del periodo de financiaci\u00f3n, los objetivos y resultados contin\u00faan bajo la responsabilidad de los socios locales. Al mismo tiempo, nuestros proyectos tienen un fuerte car\u00e1cter participativo y una referencia local, que luego del periodo de financiaci\u00f3n promueve la salida, la entrega de responsabilidad y la sostenibilidad del mismo.<\/p>","protected":false},"excerpt":{"rendered":"<p>\u00c1reas de Trabajo Asistencia inmediata y de emergencia en el \u00e1mbito de la seguridad alimentaria, nutrici\u00f3n, albergue, acceso [&hellip;]<\/p>\n","protected":false},"author":1,"featured_media":0,"parent":0,"menu_order":0,"comment_status":"closed","ping_status":"closed","template":"","meta":{"_acf_changed":false,"footnotes":""},"class_list":["post-542","page","type-page","status-publish","hentry"],"acf":[],"yoast_head":"<!-- This site is optimized with the Yoast SEO plugin v27.2 - https:\/\/yoast.com\/product\/yoast-seo-wordpress\/ -->\n<title>Nuestra Estrategia - ASB Am\u00e9rica Latina<\/title>\n<meta name=\"description\" content=\"En ASB nos enfocamos en brindar asistencia inmediata y de emergencia en el \u00e1mbito de la seguridad alimentaria, acceso a agua potable y capacitaci\u00f3n en higiene para las personas vulnerables que se encuentran afectadas por un desastre; preparaci\u00f3n y reducci\u00f3n del riesgo de desastres; inclusi\u00f3n de personas con discapacidad en la gesti\u00f3n de riesgo ante desastres.\" \/>\n<meta name=\"robots\" content=\"index, follow, max-snippet:-1, max-image-preview:large, max-video-preview:-1\" \/>\n<link rel=\"canonical\" href=\"https:\/\/asb-latam.org\/en\/nuestra-estrategia\/\" \/>\n<meta property=\"og:locale\" content=\"en_US\" \/>\n<meta property=\"og:type\" content=\"article\" \/>\n<meta property=\"og:title\" content=\"Nuestra Estrategia - ASB Am\u00e9rica Latina\" \/>\n<meta property=\"og:description\" content=\"En ASB nos enfocamos en brindar asistencia inmediata y de emergencia en el \u00e1mbito de la seguridad alimentaria, acceso a agua potable y capacitaci\u00f3n en higiene para las personas vulnerables que se encuentran afectadas por un desastre; preparaci\u00f3n y reducci\u00f3n del riesgo de desastres; inclusi\u00f3n de personas con discapacidad en la gesti\u00f3n de riesgo ante desastres.\" \/>\n<meta property=\"og:url\" content=\"https:\/\/asb-latam.org\/en\/nuestra-estrategia\/\" \/>\n<meta property=\"og:site_name\" content=\"ASB Am\u00e9rica Latina\" \/>\n<meta property=\"article:modified_time\" content=\"2024-06-25T22:55:22+00:00\" \/>\n<meta property=\"og:image\" content=\"https:\/\/asb-latam.org\/wp-content\/uploads\/2020\/02\/20191102asb12-300x169.jpg\" \/>\n<meta name=\"twitter:card\" content=\"summary_large_image\" \/>\n<meta name=\"twitter:label1\" content=\"Est. reading time\" \/>\n\t<meta name=\"twitter:data1\" content=\"2 minutes\" \/>\n<script type=\"application\/ld+json\" class=\"yoast-schema-graph\">{\"@context\":\"https:\/\/schema.org\",\"@graph\":[{\"@type\":\"WebPage\",\"@id\":\"https:\/\/asb-latam.org\/nuestra-estrategia\/\",\"url\":\"https:\/\/asb-latam.org\/nuestra-estrategia\/\",\"name\":\"Nuestra Estrategia - ASB Am\u00e9rica Latina\",\"isPartOf\":{\"@id\":\"https:\/\/asb-latam.org\/#website\"},\"primaryImageOfPage\":{\"@id\":\"https:\/\/asb-latam.org\/nuestra-estrategia\/#primaryimage\"},\"image\":{\"@id\":\"https:\/\/asb-latam.org\/nuestra-estrategia\/#primaryimage\"},\"thumbnailUrl\":\"https:\/\/asb-latam.org\/wp-content\/uploads\/2020\/02\/20191102asb12-300x169.jpg\",\"datePublished\":\"2017-01-27T13:14:23+00:00\",\"dateModified\":\"2024-06-25T22:55:22+00:00\",\"description\":\"En ASB nos enfocamos en brindar asistencia inmediata y de emergencia en el \u00e1mbito de la seguridad alimentaria, acceso a agua potable y capacitaci\u00f3n en higiene para las personas vulnerables que se encuentran afectadas por un desastre; preparaci\u00f3n y reducci\u00f3n del riesgo de desastres; inclusi\u00f3n de personas con discapacidad en la gesti\u00f3n de riesgo ante desastres.\",\"breadcrumb\":{\"@id\":\"https:\/\/asb-latam.org\/nuestra-estrategia\/#breadcrumb\"},\"inLanguage\":\"en-US\",\"potentialAction\":[{\"@type\":\"ReadAction\",\"target\":[\"https:\/\/asb-latam.org\/nuestra-estrategia\/\"]}]},{\"@type\":\"ImageObject\",\"inLanguage\":\"en-US\",\"@id\":\"https:\/\/asb-latam.org\/nuestra-estrategia\/#primaryimage\",\"url\":\"https:\/\/asb-latam.org\/wp-content\/uploads\/2020\/02\/20191102asb12-300x169.jpg\",\"contentUrl\":\"https:\/\/asb-latam.org\/wp-content\/uploads\/2020\/02\/20191102asb12-300x169.jpg\"},{\"@type\":\"BreadcrumbList\",\"@id\":\"https:\/\/asb-latam.org\/nuestra-estrategia\/#breadcrumb\",\"itemListElement\":[{\"@type\":\"ListItem\",\"position\":1,\"name\":\"Portada\",\"item\":\"https:\/\/asb-latam.org\/\"},{\"@type\":\"ListItem\",\"position\":2,\"name\":\"Nuestra Estrategia\"}]},{\"@type\":\"WebSite\",\"@id\":\"https:\/\/asb-latam.org\/#website\",\"url\":\"https:\/\/asb-latam.org\/\",\"name\":\"ASB Am\u00e9rica Latina\",\"description\":\"Ayudamos aqu\u00ed y ahora\",\"potentialAction\":[{\"@type\":\"SearchAction\",\"target\":{\"@type\":\"EntryPoint\",\"urlTemplate\":\"https:\/\/asb-latam.org\/?s={search_term_string}\"},\"query-input\":{\"@type\":\"PropertyValueSpecification\",\"valueRequired\":true,\"valueName\":\"search_term_string\"}}],\"inLanguage\":\"en-US\"}]}<\/script>\n<!-- \/ Yoast SEO plugin. -->","yoast_head_json":{"title":"Nuestra Estrategia - ASB Am\u00e9rica Latina","description":"En ASB nos enfocamos en brindar asistencia inmediata y de emergencia en el \u00e1mbito de la seguridad alimentaria, acceso a agua potable y capacitaci\u00f3n en higiene para las personas vulnerables que se encuentran afectadas por un desastre; preparaci\u00f3n y reducci\u00f3n del riesgo de desastres; inclusi\u00f3n de personas con discapacidad en la gesti\u00f3n de riesgo ante desastres.","robots":{"index":"index","follow":"follow","max-snippet":"max-snippet:-1","max-image-preview":"max-image-preview:large","max-video-preview":"max-video-preview:-1"},"canonical":"https:\/\/asb-latam.org\/en\/nuestra-estrategia\/","og_locale":"en_US","og_type":"article","og_title":"Nuestra Estrategia - ASB Am\u00e9rica Latina","og_description":"En ASB nos enfocamos en brindar asistencia inmediata y de emergencia en el \u00e1mbito de la seguridad alimentaria, acceso a agua potable y capacitaci\u00f3n en higiene para las personas vulnerables que se encuentran afectadas por un desastre; preparaci\u00f3n y reducci\u00f3n del riesgo de desastres; inclusi\u00f3n de personas con discapacidad en la gesti\u00f3n de riesgo ante desastres.","og_url":"https:\/\/asb-latam.org\/en\/nuestra-estrategia\/","og_site_name":"ASB Am\u00e9rica Latina","article_modified_time":"2024-06-25T22:55:22+00:00","og_image":[{"url":"https:\/\/asb-latam.org\/wp-content\/uploads\/2020\/02\/20191102asb12-300x169.jpg","type":"","width":"","height":""}],"twitter_card":"summary_large_image","twitter_misc":{"Est. reading time":"2 minutes"},"schema":{"@context":"https:\/\/schema.org","@graph":[{"@type":"WebPage","@id":"https:\/\/asb-latam.org\/nuestra-estrategia\/","url":"https:\/\/asb-latam.org\/nuestra-estrategia\/","name":"Nuestra Estrategia - ASB Am\u00e9rica Latina","isPartOf":{"@id":"https:\/\/asb-latam.org\/#website"},"primaryImageOfPage":{"@id":"https:\/\/asb-latam.org\/nuestra-estrategia\/#primaryimage"},"image":{"@id":"https:\/\/asb-latam.org\/nuestra-estrategia\/#primaryimage"},"thumbnailUrl":"https:\/\/asb-latam.org\/wp-content\/uploads\/2020\/02\/20191102asb12-300x169.jpg","datePublished":"2017-01-27T13:14:23+00:00","dateModified":"2024-06-25T22:55:22+00:00","description":"En ASB nos enfocamos en brindar asistencia inmediata y de emergencia en el \u00e1mbito de la seguridad alimentaria, acceso a agua potable y capacitaci\u00f3n en higiene para las personas vulnerables que se encuentran afectadas por un desastre; preparaci\u00f3n y reducci\u00f3n del riesgo de desastres; inclusi\u00f3n de personas con discapacidad en la gesti\u00f3n de riesgo ante desastres.","breadcrumb":{"@id":"https:\/\/asb-latam.org\/nuestra-estrategia\/#breadcrumb"},"inLanguage":"en-US","potentialAction":[{"@type":"ReadAction","target":["https:\/\/asb-latam.org\/nuestra-estrategia\/"]}]},{"@type":"ImageObject","inLanguage":"en-US","@id":"https:\/\/asb-latam.org\/nuestra-estrategia\/#primaryimage","url":"https:\/\/asb-latam.org\/wp-content\/uploads\/2020\/02\/20191102asb12-300x169.jpg","contentUrl":"https:\/\/asb-latam.org\/wp-content\/uploads\/2020\/02\/20191102asb12-300x169.jpg"},{"@type":"BreadcrumbList","@id":"https:\/\/asb-latam.org\/nuestra-estrategia\/#breadcrumb","itemListElement":[{"@type":"ListItem","position":1,"name":"Portada","item":"https:\/\/asb-latam.org\/"},{"@type":"ListItem","position":2,"name":"Nuestra Estrategia"}]},{"@type":"WebSite","@id":"https:\/\/asb-latam.org\/#website","url":"https:\/\/asb-latam.org\/","name":"ASB Am\u00e9rica Latina","description":"Ayudamos aqu\u00ed y ahora","potentialAction":[{"@type":"SearchAction","target":{"@type":"EntryPoint","urlTemplate":"https:\/\/asb-latam.org\/?s={search_term_string}"},"query-input":{"@type":"PropertyValueSpecification","valueRequired":true,"valueName":"search_term_string"}}],"inLanguage":"en-US"}]}},"_links":{"self":[{"href":"https:\/\/asb-latam.org\/en\/wp-json\/wp\/v2\/pages\/542","targetHints":{"allow":["GET"]}}],"collection":[{"href":"https:\/\/asb-latam.org\/en\/wp-json\/wp\/v2\/pages"}],"about":[{"href":"https:\/\/asb-latam.org\/en\/wp-json\/wp\/v2\/types\/page"}],"author":[{"embeddable":true,"href":"https:\/\/asb-latam.org\/en\/wp-json\/wp\/v2\/users\/1"}],"replies":[{"embeddable":true,"href":"https:\/\/asb-latam.org\/en\/wp-json\/wp\/v2\/comments?post=542"}],"version-history":[{"count":25,"href":"https:\/\/asb-latam.org\/en\/wp-json\/wp\/v2\/pages\/542\/revisions"}],"predecessor-version":[{"id":6909,"href":"https:\/\/asb-latam.org\/en\/wp-json\/wp\/v2\/pages\/542\/revisions\/6909"}],"wp:attachment":[{"href":"https:\/\/asb-latam.org\/en\/wp-json\/wp\/v2\/media?parent=542"}],"curies":[{"name":"wp","href":"https:\/\/api.w.org\/{rel}","templated":true}]}}