{"id":6911,"date":"2024-06-26T11:22:26","date_gmt":"2024-06-26T17:22:26","guid":{"rendered":"https:\/\/asb-latam.org\/?page_id=6911"},"modified":"2024-06-28T10:43:12","modified_gmt":"2024-06-28T16:43:12","slug":"retroalimentacion-y-quejas","status":"publish","type":"page","link":"https:\/\/asb-latam.org\/en\/retroalimentacion-y-quejas\/","title":{"rendered":"Retroalimentaci\u00f3n y quejas"},"content":{"rendered":"<p>ASB Latinoam\u00e9rica dispone de un canal para recibir opiniones, sugerencias y denuncias de los beneficiarios, socios implementadores y personal de la organizaci\u00f3n.\u00a0Este mecanismo fue creado para salvaguardar la dignidad, equidad y respeto de las personas impactadas por nuestras operaciones. As\u00ed mismo, este mecanismo tambi\u00e9n responde a est\u00e1ndares internacionales como los establecidos por el <a href=\"https:\/\/spherestandards.org\/es\/manual-2018\/\" target=\"_blank\" rel=\"noreferrer noopener\">Manual Esfera y la Norma Humanitaria Esencial<\/a><\/p>\r\n\r\n\r\n\r\n\r\n\r\n\r\n\r\n<h3 class=\"wp-block-heading\">\u00bfC\u00f3mo funciona?<\/h3>\r\n\r\n\r\n\r\n<figure class=\"wp-block-image size-full\"><img loading=\"lazy\" decoding=\"async\" width=\"1600\" height=\"2763\" class=\"wp-image-6929\" src=\"https:\/\/asb-latam.org\/wp-content\/uploads\/2024\/06\/retroalimentacion-y-quejas.png\" alt=\"Retroalimentaci\u00f3n y Quejas\" srcset=\"https:\/\/asb-latam.org\/wp-content\/uploads\/2024\/06\/retroalimentacion-y-quejas.png 1600w, https:\/\/asb-latam.org\/wp-content\/uploads\/2024\/06\/retroalimentacion-y-quejas-174x300.png 174w, https:\/\/asb-latam.org\/wp-content\/uploads\/2024\/06\/retroalimentacion-y-quejas-593x1024.png 593w, https:\/\/asb-latam.org\/wp-content\/uploads\/2024\/06\/retroalimentacion-y-quejas-768x1326.png 768w, https:\/\/asb-latam.org\/wp-content\/uploads\/2024\/06\/retroalimentacion-y-quejas-600x1036.png 600w, https:\/\/asb-latam.org\/wp-content\/uploads\/2024\/06\/retroalimentacion-y-quejas-889x1536.png 889w, https:\/\/asb-latam.org\/wp-content\/uploads\/2024\/06\/retroalimentacion-y-quejas-1186x2048.png 1186w, https:\/\/asb-latam.org\/wp-content\/uploads\/2024\/06\/retroalimentacion-y-quejas-7x12.png 7w, https:\/\/asb-latam.org\/wp-content\/uploads\/2024\/06\/retroalimentacion-y-quejas-117x202.png 117w\" sizes=\"auto, (max-width: 1600px) 100vw, 1600px\" \/><\/figure>","protected":false},"excerpt":{"rendered":"<p>ASB Latinoam\u00e9rica dispone de un canal para recibir opiniones, sugerencias y denuncias de los beneficiarios, socios implementadores y [&hellip;]<\/p>\n","protected":false},"author":3,"featured_media":0,"parent":0,"menu_order":0,"comment_status":"closed","ping_status":"closed","template":"template-quejas-y-denuncias.php","meta":{"_acf_changed":false,"footnotes":""},"class_list":["post-6911","page","type-page","status-publish","hentry"],"acf":[],"yoast_head":"<!-- This site is optimized with the Yoast SEO plugin v27.2 - https:\/\/yoast.com\/product\/yoast-seo-wordpress\/ -->\n<title>Retroalimentaci\u00f3n y quejas - ASB Am\u00e9rica Latina<\/title>\n<meta name=\"description\" content=\"ASB Latinoam\u00e9rica dispone de un canal para recibir opiniones, sugerencias y denuncias de los beneficiarios, socios implementadores y personal de la organizaci\u00f3n. Este mecanismo fue creado para salvaguardar la dignidad, equidad y respeto de las personas impactadas por nuestras operaciones.\" \/>\n<meta name=\"robots\" content=\"index, follow, max-snippet:-1, max-image-preview:large, max-video-preview:-1\" \/>\n<link rel=\"canonical\" href=\"https:\/\/asb-latam.org\/en\/retroalimentacion-y-quejas\/\" \/>\n<meta property=\"og:locale\" content=\"en_US\" \/>\n<meta property=\"og:type\" content=\"article\" \/>\n<meta property=\"og:title\" content=\"Retroalimentaci\u00f3n y quejas - ASB Am\u00e9rica Latina\" \/>\n<meta property=\"og:description\" content=\"ASB Latinoam\u00e9rica dispone de un canal para recibir opiniones, sugerencias y denuncias de los beneficiarios, socios implementadores y personal de la organizaci\u00f3n. Este mecanismo fue creado para salvaguardar la dignidad, equidad y respeto de las personas impactadas por nuestras operaciones.\" \/>\n<meta property=\"og:url\" content=\"https:\/\/asb-latam.org\/en\/retroalimentacion-y-quejas\/\" \/>\n<meta property=\"og:site_name\" content=\"ASB Am\u00e9rica Latina\" \/>\n<meta property=\"article:modified_time\" content=\"2024-06-28T16:43:12+00:00\" \/>\n<meta property=\"og:image\" content=\"https:\/\/asb-latam.org\/wp-content\/uploads\/2024\/06\/retroalimentacion-y-quejas.png\" \/>\n<meta name=\"twitter:card\" content=\"summary_large_image\" \/>\n<meta name=\"twitter:label1\" content=\"Est. reading time\" \/>\n\t<meta name=\"twitter:data1\" content=\"1 minute\" \/>\n<script type=\"application\/ld+json\" class=\"yoast-schema-graph\">{\"@context\":\"https:\/\/schema.org\",\"@graph\":[{\"@type\":\"WebPage\",\"@id\":\"https:\/\/asb-latam.org\/retroalimentacion-y-quejas\/\",\"url\":\"https:\/\/asb-latam.org\/retroalimentacion-y-quejas\/\",\"name\":\"Retroalimentaci\u00f3n y quejas - ASB Am\u00e9rica Latina\",\"isPartOf\":{\"@id\":\"https:\/\/asb-latam.org\/#website\"},\"primaryImageOfPage\":{\"@id\":\"https:\/\/asb-latam.org\/retroalimentacion-y-quejas\/#primaryimage\"},\"image\":{\"@id\":\"https:\/\/asb-latam.org\/retroalimentacion-y-quejas\/#primaryimage\"},\"thumbnailUrl\":\"https:\/\/asb-latam.org\/wp-content\/uploads\/2024\/06\/retroalimentacion-y-quejas.png\",\"datePublished\":\"2024-06-26T17:22:26+00:00\",\"dateModified\":\"2024-06-28T16:43:12+00:00\",\"description\":\"ASB Latinoam\u00e9rica dispone de un canal para recibir opiniones, sugerencias y denuncias de los beneficiarios, socios implementadores y personal de la organizaci\u00f3n. Este mecanismo fue creado para salvaguardar la dignidad, equidad y respeto de las personas impactadas por nuestras operaciones.\",\"breadcrumb\":{\"@id\":\"https:\/\/asb-latam.org\/retroalimentacion-y-quejas\/#breadcrumb\"},\"inLanguage\":\"en-US\",\"potentialAction\":[{\"@type\":\"ReadAction\",\"target\":[\"https:\/\/asb-latam.org\/retroalimentacion-y-quejas\/\"]}]},{\"@type\":\"ImageObject\",\"inLanguage\":\"en-US\",\"@id\":\"https:\/\/asb-latam.org\/retroalimentacion-y-quejas\/#primaryimage\",\"url\":\"https:\/\/asb-latam.org\/wp-content\/uploads\/2024\/06\/retroalimentacion-y-quejas.png\",\"contentUrl\":\"https:\/\/asb-latam.org\/wp-content\/uploads\/2024\/06\/retroalimentacion-y-quejas.png\"},{\"@type\":\"BreadcrumbList\",\"@id\":\"https:\/\/asb-latam.org\/retroalimentacion-y-quejas\/#breadcrumb\",\"itemListElement\":[{\"@type\":\"ListItem\",\"position\":1,\"name\":\"Portada\",\"item\":\"https:\/\/asb-latam.org\/\"},{\"@type\":\"ListItem\",\"position\":2,\"name\":\"Retroalimentaci\u00f3n y quejas\"}]},{\"@type\":\"WebSite\",\"@id\":\"https:\/\/asb-latam.org\/#website\",\"url\":\"https:\/\/asb-latam.org\/\",\"name\":\"ASB Am\u00e9rica Latina\",\"description\":\"Ayudamos aqu\u00ed y ahora\",\"potentialAction\":[{\"@type\":\"SearchAction\",\"target\":{\"@type\":\"EntryPoint\",\"urlTemplate\":\"https:\/\/asb-latam.org\/?s={search_term_string}\"},\"query-input\":{\"@type\":\"PropertyValueSpecification\",\"valueRequired\":true,\"valueName\":\"search_term_string\"}}],\"inLanguage\":\"en-US\"}]}<\/script>\n<!-- \/ Yoast SEO plugin. -->","yoast_head_json":{"title":"Retroalimentaci\u00f3n y quejas - ASB Am\u00e9rica Latina","description":"ASB Latinoam\u00e9rica dispone de un canal para recibir opiniones, sugerencias y denuncias de los beneficiarios, socios implementadores y personal de la organizaci\u00f3n. Este mecanismo fue creado para salvaguardar la dignidad, equidad y respeto de las personas impactadas por nuestras operaciones.","robots":{"index":"index","follow":"follow","max-snippet":"max-snippet:-1","max-image-preview":"max-image-preview:large","max-video-preview":"max-video-preview:-1"},"canonical":"https:\/\/asb-latam.org\/en\/retroalimentacion-y-quejas\/","og_locale":"en_US","og_type":"article","og_title":"Retroalimentaci\u00f3n y quejas - ASB Am\u00e9rica Latina","og_description":"ASB Latinoam\u00e9rica dispone de un canal para recibir opiniones, sugerencias y denuncias de los beneficiarios, socios implementadores y personal de la organizaci\u00f3n. Este mecanismo fue creado para salvaguardar la dignidad, equidad y respeto de las personas impactadas por nuestras operaciones.","og_url":"https:\/\/asb-latam.org\/en\/retroalimentacion-y-quejas\/","og_site_name":"ASB Am\u00e9rica Latina","article_modified_time":"2024-06-28T16:43:12+00:00","og_image":[{"url":"https:\/\/asb-latam.org\/wp-content\/uploads\/2024\/06\/retroalimentacion-y-quejas.png","type":"","width":"","height":""}],"twitter_card":"summary_large_image","twitter_misc":{"Est. reading time":"1 minute"},"schema":{"@context":"https:\/\/schema.org","@graph":[{"@type":"WebPage","@id":"https:\/\/asb-latam.org\/retroalimentacion-y-quejas\/","url":"https:\/\/asb-latam.org\/retroalimentacion-y-quejas\/","name":"Retroalimentaci\u00f3n y quejas - ASB Am\u00e9rica Latina","isPartOf":{"@id":"https:\/\/asb-latam.org\/#website"},"primaryImageOfPage":{"@id":"https:\/\/asb-latam.org\/retroalimentacion-y-quejas\/#primaryimage"},"image":{"@id":"https:\/\/asb-latam.org\/retroalimentacion-y-quejas\/#primaryimage"},"thumbnailUrl":"https:\/\/asb-latam.org\/wp-content\/uploads\/2024\/06\/retroalimentacion-y-quejas.png","datePublished":"2024-06-26T17:22:26+00:00","dateModified":"2024-06-28T16:43:12+00:00","description":"ASB Latinoam\u00e9rica dispone de un canal para recibir opiniones, sugerencias y denuncias de los beneficiarios, socios implementadores y personal de la organizaci\u00f3n. Este mecanismo fue creado para salvaguardar la dignidad, equidad y respeto de las personas impactadas por nuestras operaciones.","breadcrumb":{"@id":"https:\/\/asb-latam.org\/retroalimentacion-y-quejas\/#breadcrumb"},"inLanguage":"en-US","potentialAction":[{"@type":"ReadAction","target":["https:\/\/asb-latam.org\/retroalimentacion-y-quejas\/"]}]},{"@type":"ImageObject","inLanguage":"en-US","@id":"https:\/\/asb-latam.org\/retroalimentacion-y-quejas\/#primaryimage","url":"https:\/\/asb-latam.org\/wp-content\/uploads\/2024\/06\/retroalimentacion-y-quejas.png","contentUrl":"https:\/\/asb-latam.org\/wp-content\/uploads\/2024\/06\/retroalimentacion-y-quejas.png"},{"@type":"BreadcrumbList","@id":"https:\/\/asb-latam.org\/retroalimentacion-y-quejas\/#breadcrumb","itemListElement":[{"@type":"ListItem","position":1,"name":"Portada","item":"https:\/\/asb-latam.org\/"},{"@type":"ListItem","position":2,"name":"Retroalimentaci\u00f3n y quejas"}]},{"@type":"WebSite","@id":"https:\/\/asb-latam.org\/#website","url":"https:\/\/asb-latam.org\/","name":"ASB Am\u00e9rica Latina","description":"Ayudamos aqu\u00ed y ahora","potentialAction":[{"@type":"SearchAction","target":{"@type":"EntryPoint","urlTemplate":"https:\/\/asb-latam.org\/?s={search_term_string}"},"query-input":{"@type":"PropertyValueSpecification","valueRequired":true,"valueName":"search_term_string"}}],"inLanguage":"en-US"}]}},"_links":{"self":[{"href":"https:\/\/asb-latam.org\/en\/wp-json\/wp\/v2\/pages\/6911","targetHints":{"allow":["GET"]}}],"collection":[{"href":"https:\/\/asb-latam.org\/en\/wp-json\/wp\/v2\/pages"}],"about":[{"href":"https:\/\/asb-latam.org\/en\/wp-json\/wp\/v2\/types\/page"}],"author":[{"embeddable":true,"href":"https:\/\/asb-latam.org\/en\/wp-json\/wp\/v2\/users\/3"}],"replies":[{"embeddable":true,"href":"https:\/\/asb-latam.org\/en\/wp-json\/wp\/v2\/comments?post=6911"}],"version-history":[{"count":5,"href":"https:\/\/asb-latam.org\/en\/wp-json\/wp\/v2\/pages\/6911\/revisions"}],"predecessor-version":[{"id":6933,"href":"https:\/\/asb-latam.org\/en\/wp-json\/wp\/v2\/pages\/6911\/revisions\/6933"}],"wp:attachment":[{"href":"https:\/\/asb-latam.org\/en\/wp-json\/wp\/v2\/media?parent=6911"}],"curies":[{"name":"wp","href":"https:\/\/api.w.org\/{rel}","templated":true}]}}